{"id":3922,"date":"2021-05-17T10:16:41","date_gmt":"2021-05-17T10:16:41","guid":{"rendered":"https:\/\/pb2828racing.com\/pb2828racing\/"},"modified":"2023-02-09T09:09:28","modified_gmt":"2023-02-09T09:09:28","slug":"pb2828racing","status":"publish","type":"page","link":"https:\/\/pb2828racing.com\/fr\/pb2828racing\/","title":{"rendered":"PB2828 Racing"},"content":{"rendered":"<p><div class=\"fusion-fullwidth fullwidth-box fusion-builder-row-1 fusion-flex-container fusion-parallax-none nonhundred-percent-fullwidth non-hundred-percent-height-scrolling\" style=\"--awb-border-radius-top-left:0px;--awb-border-radius-top-right:0px;--awb-border-radius-bottom-right:0px;--awb-border-radius-bottom-left:0px;--awb-padding-top:200px;--awb-padding-bottom:200px;--awb-background-image:url(&quot;http:\/\/pb2828racing.com\/wp-content\/uploads\/2021\/05\/PB2828_01-scaled.jpg&quot;);--awb-background-size:cover;--awb-flex-wrap:wrap;\" ><div class=\"fusion-builder-row fusion-row fusion-flex-align-items-flex-start fusion-flex-content-wrap\" style=\"max-width:1144px;margin-left: calc(-4% \/ 2 );margin-right: calc(-4% \/ 2 );\"><div class=\"fusion-layout-column fusion_builder_column fusion-builder-column-0 fusion_builder_column_1_1 1_1 fusion-flex-column\" style=\"--awb-bg-size:cover;--awb-width-large:100%;--awb-margin-top-large:0px;--awb-spacing-right-large:1.92%;--awb-margin-bottom-large:0px;--awb-spacing-left-large:1.92%;--awb-width-medium:100%;--awb-order-medium:0;--awb-spacing-right-medium:1.92%;--awb-spacing-left-medium:1.92%;--awb-width-small:100%;--awb-order-small:0;--awb-spacing-right-small:1.92%;--awb-spacing-left-small:1.92%;\"><div class=\"fusion-column-wrapper fusion-column-has-shadow fusion-flex-justify-content-flex-start fusion-content-layout-column\"><\/div><\/div><\/div><\/div><div id=\" \" class=\"fusion-container-anchor\"><div class=\"fusion-fullwidth fullwidth-box fusion-builder-row-2 nonhundred-percent-fullwidth non-hundred-percent-height-scrolling\" style=\"--awb-border-radius-top-left:0px;--awb-border-radius-top-right:0px;--awb-border-radius-bottom-right:0px;--awb-border-radius-bottom-left:0px;--awb-padding-top:65px;--awb-padding-bottom:120px;--awb-flex-wrap:wrap;\" ><div class=\"fusion-builder-row fusion-row\"><div class=\"fusion-layout-column fusion_builder_column fusion-builder-column-1 fusion_builder_column_1_1 1_1 fusion-one-full fusion-column-first fusion-column-last\" style=\"--awb-bg-size:cover;\"><div class=\"fusion-column-wrapper fusion-column-has-shadow fusion-flex-column-wrapper-legacy\"><div class=\"fusion-title title fusion-title-1 fusion-sep-none fusion-title-center fusion-title-text fusion-title-size-three\" style=\"--awb-text-color:#2b2b2b;--awb-margin-top:0px;--awb-margin-bottom:75px;--awb-margin-top-small:0px;--awb-margin-right-small:0px;--awb-margin-bottom-small:30px;--awb-margin-left-small:0px;--awb-font-size:60px;\"><h3 class=\"fusion-title-heading title-heading-center fusion-responsive-typography-calculated\" style=\"margin:0;letter-spacing:-3px;font-size:1em;--fontSize:60;line-height:1.7;\"><h1>PB 2828 Racing<\/h1><\/h3><\/div><div class=\"fusion-sep-clear\"><\/div><div class=\"fusion-separator fusion-full-width-sep\" style=\"margin-left: auto;margin-right: auto;margin-top:20px;margin-bottom:20px;width:100%;\"><\/div><div class=\"fusion-sep-clear\"><\/div><div class=\"fusion-text fusion-text-1\" style=\"--awb-content-alignment:center;\"><p style=\"text-align: center;\">PB 2828 Racing est une initiative de Philippe Bonneel qui, en 2003, a concr\u00e9tis\u00e9 son r\u00eave de jeunesse en devenant pilote automobile. Son aventure ne s&rsquo;est pas limit\u00e9e \u00e0 une seule ann\u00e9e de courses sur circuits, car son r\u00eave s&rsquo;est d\u00e9velopp\u00e9 pour devenir une vraie passion.<\/p>\n<p style=\"text-align: center;\">Depuis 2003, Philippe s&rsquo;est forg\u00e9 un palmar\u00e8s particuli\u00e8rement int\u00e9ressant. Apr\u00e8s un premier Mini Challenge suivi du Championnat BTCS, il a poursuivi sa route vers les sommets, participant actuellement au Supercar Challenge, l&rsquo;un des championnats de v\u00e9hicules de tourisme les plus prestigieux du Benelux. Ce Supercar Challenge comprend des courses \u00e0 travers le Benelux et les pays limitrophes (Royaume-Uni, Allemagne, Autriche,\u2026). Philippe Bonneel y a sign\u00e9 plusieurs victoires et places sur le podium.<\/p>\n<p style=\"text-align: center;\">En-dehors des circuits, Philippe obtient aussi des r\u00e9sultats impressionnants en tant que Sales &amp; Marketing Director. Mieux que quiconque, il sait donc combien les partenaires sont indispensables, et c&rsquo;est la raison pour laquelle il a fond\u00e9 PB 2828 Racing en 2007. PB 2828 Racing organise des \u00e9v\u00e9nements VIP en Belgique et \u00e0 l&rsquo;\u00e9tranger, durant lesquels il chouchoute les VIP de ses partenaires, qui veillent pour leur part \u00e0 renforcer leurs relations professionnelles avec leurs propres clients et partenaires.<\/p>\n<\/div><div class=\"fusion-clearfix\"><\/div><\/div><\/div><\/div><\/div><\/div><div class=\"fusion-fullwidth fullwidth-box fusion-builder-row-3 fusion-flex-container nonhundred-percent-fullwidth non-hundred-percent-height-scrolling fusion-no-small-visibility\" style=\"--awb-border-radius-top-left:0px;--awb-border-radius-top-right:0px;--awb-border-radius-bottom-right:0px;--awb-border-radius-bottom-left:0px;--awb-padding-bottom:50px;--awb-background-color:#dddddd;--awb-flex-wrap:wrap;\" ><div class=\"fusion-builder-row fusion-row fusion-flex-align-items-flex-start fusion-flex-content-wrap\" style=\"max-width:1144px;margin-left: calc(-4% \/ 2 );margin-right: calc(-4% \/ 2 );\"><div class=\"fusion-layout-column fusion_builder_column fusion-builder-column-2 fusion_builder_column_1_1 1_1 fusion-flex-column\" style=\"--awb-bg-size:cover;--awb-width-large:100%;--awb-margin-top-large:0px;--awb-spacing-right-large:1.92%;--awb-margin-bottom-large:0px;--awb-spacing-left-large:1.92%;--awb-width-medium:100%;--awb-order-medium:0;--awb-spacing-right-medium:1.92%;--awb-spacing-left-medium:1.92%;--awb-width-small:100%;--awb-order-small:0;--awb-spacing-right-small:1.92%;--awb-spacing-left-small:1.92%;\"><div class=\"fusion-column-wrapper fusion-column-has-shadow fusion-flex-justify-content-flex-start fusion-content-layout-column\"><div class=\"fusion-section-separator section-separator slant fusion-section-separator-1\" style=\"--awb-spacer-height:99px;--awb-svg-margin-left:1.92%;--awb-svg-margin-right:1.92%;--awb-svg-margin-left-medium:1.92%;--awb-svg-margin-right-medium:1.92%;--awb-svg-margin-left-small:1.92%;--awb-svg-margin-right-small:1.92%;--awb-divider-height:99px;--awb-spacer-padding-top:inherit;--awb-sep-padding:0;--awb-svg-padding:0;\"><div class=\"fusion-section-separator-svg\"><svg class=\"fusion-slant-candy\" xmlns=\"http:\/\/www.w3.org\/2000\/svg\" version=\"1.1\" width=\"100%\" height=\"100\" viewBox=\"0 0 100 100\" preserveAspectRatio=\"none\" fill=\"rgba(255,255,255,1)\"><path d=\"M0 100 L0 0 L100 0 Z\"><\/path><\/svg><\/div><div class=\"fusion-section-separator-spacer\"><div class=\"fusion-section-separator-spacer-height\"><\/div><\/div><\/div><div class=\"fusion-text fusion-text-2\" style=\"--awb-content-alignment:center;\"><p>PB 2828 Racing<br \/>\nT +32 470 01 93 08<br \/>\n<a href=\"mailto:philippe@pb2828racing.com\">philippe@pb2828racing.com<\/a><\/p>\n<\/div><\/div><\/div><\/div><\/div>\n<\/p>\n","protected":false},"excerpt":{"rendered":"","protected":false},"author":2,"featured_media":0,"parent":0,"menu_order":0,"comment_status":"closed","ping_status":"closed","template":"100-width.php","meta":{"footnotes":""},"class_list":["post-3922","page","type-page","status-publish","hentry"],"_links":{"self":[{"href":"https:\/\/pb2828racing.com\/fr\/wp-json\/wp\/v2\/pages\/3922","targetHints":{"allow":["GET"]}}],"collection":[{"href":"https:\/\/pb2828racing.com\/fr\/wp-json\/wp\/v2\/pages"}],"about":[{"href":"https:\/\/pb2828racing.com\/fr\/wp-json\/wp\/v2\/types\/page"}],"author":[{"embeddable":true,"href":"https:\/\/pb2828racing.com\/fr\/wp-json\/wp\/v2\/users\/2"}],"replies":[{"embeddable":true,"href":"https:\/\/pb2828racing.com\/fr\/wp-json\/wp\/v2\/comments?post=3922"}],"version-history":[{"count":3,"href":"https:\/\/pb2828racing.com\/fr\/wp-json\/wp\/v2\/pages\/3922\/revisions"}],"predecessor-version":[{"id":5167,"href":"https:\/\/pb2828racing.com\/fr\/wp-json\/wp\/v2\/pages\/3922\/revisions\/5167"}],"wp:attachment":[{"href":"https:\/\/pb2828racing.com\/fr\/wp-json\/wp\/v2\/media?parent=3922"}],"curies":[{"name":"wp","href":"https:\/\/api.w.org\/{rel}","templated":true}]}}